{"id":456,"date":"2026-03-16T20:38:34","date_gmt":"2026-03-16T19:38:34","guid":{"rendered":"https:\/\/www.duendesmodainfantil.com\/?page_id=456"},"modified":"2026-03-19T22:25:58","modified_gmt":"2026-03-19T21:25:58","slug":"politica-de-cookies","status":"publish","type":"page","link":"https:\/\/www.duendesmodainfantil.com\/en\/politica-de-cookies\/","title":{"rendered":"Politica de cookies"},"content":{"rendered":"<div class=\"et_pb_section_0 et_pb_section et_section_regular et_flex_section section_has_divider et_pb_top_divider et_pb_bottom_divider top-divider-shadow bottom-divider-shadow\"><div class=\"et_pb_top_inside_divider et-no-transition\"><\/div>\n<div class=\"et_pb_row_0 et_pb_row et_flex_row et_animated\">\n<div class=\"et_pb_column_0 et_pb_column et_flex_column et_pb_css_mix_blend_mode_passthrough et_flex_column_1_7 et_flex_column_6_24_tablet et_flex_column_24_24_phone et_flex_column_24_24_phoneWide et_flex_column_6_24_tabletWide\">\n<div class=\"et_pb_image_0 et_pb_image et_pb_module et_flex_module\"><span class=\"et_pb_image_wrap\"><img loading=\"lazy\" decoding=\"async\" src=\"https:\/\/www.duendesmodainfantil.com\/wp-content\/uploads\/2026\/02\/duendesmodainfantil_edificio_2.png\" title=\"duendesmodainfantil_edificio_2\" width=\"585\" height=\"1037\" srcset=\"https:\/\/www.duendesmodainfantil.com\/wp-content\/uploads\/2026\/02\/duendesmodainfantil_edificio_2.png 585w, https:\/\/www.duendesmodainfantil.com\/wp-content\/uploads\/2026\/02\/duendesmodainfantil_edificio_2-480x851.png 480w\" sizes=\"(min-width: 0px) and (max-width: 480px) 480px, (min-width: 481px) 585px, 100vw\" class=\"wp-image-118\" alt=\"\"><\/span><\/div>\n<\/div>\n\n<div class=\"et_pb_column_1 et_pb_column et-last-child et_flex_column et_pb_css_mix_blend_mode_passthrough et_flex_column_18_24 et_flex_column_18_24_tablet et_flex_column_24_24_phone et_flex_column_24_24_phoneWide et_flex_column_18_24_tabletWide\">\n<div class=\"et_pb_text_0 et_pb_text et_pb_bg_layout_light et_pb_module et_flex_module preset--module--divi-text--default\"><div class=\"et_pb_text_inner\"><h1>Cookie Policy<\/h1>\n<h2>Esta aplicaci\u00f3n usa cookies<\/h2>\n<\/div><\/div>\n<\/div>\n<\/div>\n<div class=\"et_pb_bottom_inside_divider et-no-transition\"><\/div><\/div>\n\n<div class=\"et_pb_section_1 et_pb_section et_section_regular et_block_section bottom-divider-shadow\">\n<div class=\"et_pb_row_1 et_pb_row et_block_row et_animated\">\n<div class=\"et_pb_column_2 et_pb_column et_pb_column_4_4 et-last-child et_block_column et_pb_css_mix_blend_mode_passthrough\">\n<div class=\"et_pb_text_1 et_pb_text et_pb_bg_layout_light et_pb_module et_flex_module preset--module--divi-text--default\"><div class=\"et_pb_text_inner\"><h2>1. Qu\u00e9 son las cookies<\/h2>\n<p>Las cookies son peque\u00f1os archivos de texto que se almacenan en el dispositivo del usuario cuando visita un sitio web. Su finalidad es reconocer al usuario, recordar sus preferencias y mejorar su experiencia de navegaci\u00f3n.<\/p>\n<hr \/>\n<h2>2. Tipos de cookies utilizadas<\/h2>\n<p>Este sitio web puede utilizar los siguientes tipos de cookies:<\/p>\n<h3>Cookies t\u00e9cnicas<\/h3>\n<p>Son necesarias para el funcionamiento b\u00e1sico del sitio web y permiten la navegaci\u00f3n.<\/p>\n<h3>Cookies de an\u00e1lisis<\/h3>\n<p>Permiten analizar el comportamiento de los usuarios en el sitio web con el fin de mejorar su funcionamiento.<\/p>\n<h3>Cookies de terceros<\/h3>\n<p>Algunas funcionalidades del sitio web pueden utilizar servicios de terceros que instalan cookies en el navegador del usuario.<\/p>\n<hr \/>\n<h2>3. Gesti\u00f3n de cookies<\/h2>\n<p>El usuario puede permitir, bloquear o eliminar las cookies instaladas en su dispositivo mediante la configuraci\u00f3n de su navegador.<\/p>\n<p>A continuaci\u00f3n se proporcionan enlaces con informaci\u00f3n sobre c\u00f3mo gestionar cookies en los principales navegadores:<\/p>\n<ul>\n<li>\n<p>Google Chrome<\/p>\n<\/li>\n<li>\n<p>Mozilla Firefox<\/p>\n<\/li>\n<li>\n<p>Safari<\/p>\n<\/li>\n<li>\n<p>Microsoft Edge<\/p>\n<\/li>\n<\/ul>\n<hr \/>\n<h2>4. Aceptaci\u00f3n de cookies<\/h2>\n<p>Al acceder al sitio web se mostrar\u00e1 un banner de cookies que permitir\u00e1 al usuario aceptar, rechazar o configurar el uso de cookies.<\/p>\n<p>El consentimiento podr\u00e1 retirarse en cualquier momento mediante la configuraci\u00f3n del navegador o el panel de configuraci\u00f3n de cookies del sitio web.<\/p>\n<hr \/>\n<h2>5. Cambios en la pol\u00edtica de cookies<\/h2>\n<p>El titular del sitio web puede modificar esta pol\u00edtica de cookies en funci\u00f3n de exigencias legislativas o para adaptarla a nuevas funcionalidades del sitio web.<\/p>\n<\/div><\/div>\n<\/div>\n<\/div>\n<\/div>\n\n<div class=\"et_pb_section_2 et_pb_section et_section_regular et_flex_section section_has_divider et_pb_top_divider et_pb_bottom_divider top-divider-shadow-flip bottom-divider-shadow\"><div class=\"et_pb_top_inside_divider et-no-transition\"><\/div>\n<div class=\"et_pb_row_2 et_pb_row et_flex_row\">\n<div class=\"et_pb_column_3 et_pb_column et-last-child et_flex_column et_pb_css_mix_blend_mode_passthrough et_flex_column_24_24 et_flex_column_24_24_tablet et_flex_column_24_24_phone et_flex_column_24_24_phoneWide et_flex_column_24_24_tabletWide\">\n<div class=\"et_pb_cta_0 et_pb_promo et_pb_bg_layout_dark et_pb_module et_flex_module\"><div class=\"et_pb_promo_description\"><h2 class=\"et_pb_module_header\">Fashion and care for every stage<\/h2><div class=\"et_pb_promo_content\"><p>We are waiting for you with a careful selection of children's fashion, footwear and childcare articles for the day to day life of the little ones. Come and meet us and enjoy a close shopping experience in our store.<\/p>\n<\/div><\/div><div class=\"et_pb_button_wrapper\"><a class=\"et_pb_button et_pb_promo_button\" href=\"#\">Come and meet us<\/a><\/div><\/div>\n<\/div>\n<\/div>\n<div class=\"et_pb_bottom_inside_divider et-no-transition\"><\/div><\/div>","protected":false},"excerpt":{"rendered":"","protected":false},"author":1,"featured_media":0,"parent":0,"menu_order":0,"comment_status":"closed","ping_status":"closed","template":"","meta":{"footnotes":""},"class_list":["post-456","page","type-page","status-publish","hentry"],"_links":{"self":[{"href":"https:\/\/www.duendesmodainfantil.com\/en\/wp-json\/wp\/v2\/pages\/456","targetHints":{"allow":["GET"]}}],"collection":[{"href":"https:\/\/www.duendesmodainfantil.com\/en\/wp-json\/wp\/v2\/pages"}],"about":[{"href":"https:\/\/www.duendesmodainfantil.com\/en\/wp-json\/wp\/v2\/types\/page"}],"author":[{"embeddable":true,"href":"https:\/\/www.duendesmodainfantil.com\/en\/wp-json\/wp\/v2\/users\/1"}],"replies":[{"embeddable":true,"href":"https:\/\/www.duendesmodainfantil.com\/en\/wp-json\/wp\/v2\/comments?post=456"}],"version-history":[{"count":7,"href":"https:\/\/www.duendesmodainfantil.com\/en\/wp-json\/wp\/v2\/pages\/456\/revisions"}],"predecessor-version":[{"id":574,"href":"https:\/\/www.duendesmodainfantil.com\/en\/wp-json\/wp\/v2\/pages\/456\/revisions\/574"}],"wp:attachment":[{"href":"https:\/\/www.duendesmodainfantil.com\/en\/wp-json\/wp\/v2\/media?parent=456"}],"curies":[{"name":"wp","href":"https:\/\/api.w.org\/{rel}","templated":true}]}}