{"id":453,"date":"2026-03-16T20:38:17","date_gmt":"2026-03-16T19:38:17","guid":{"rendered":"https:\/\/www.duendesmodainfantil.com\/?page_id=453"},"modified":"2026-03-31T09:00:36","modified_gmt":"2026-03-31T08:00:36","slug":"aviso-legal","status":"publish","type":"page","link":"https:\/\/www.duendesmodainfantil.com\/en\/aviso-legal\/","title":{"rendered":"Legal Notice"},"content":{"rendered":"<div class=\"et_pb_section_0 et_pb_section et_section_regular et_flex_section section_has_divider et_pb_top_divider et_pb_bottom_divider top-divider-shadow bottom-divider-shadow\"><div class=\"et_pb_top_inside_divider et-no-transition\"><\/div>\n<div class=\"et_pb_row_0 et_pb_row et_flex_row et_animated\">\n<div class=\"et_pb_column_0 et_pb_column et_flex_column et_pb_css_mix_blend_mode_passthrough et_flex_column_1_7 et_flex_column_6_24_tablet et_flex_column_24_24_phone et_flex_column_24_24_phoneWide et_flex_column_6_24_tabletWide\">\n<div class=\"et_pb_image_0 et_pb_image et_pb_module et_flex_module\"><span class=\"et_pb_image_wrap\"><img loading=\"lazy\" decoding=\"async\" src=\"https:\/\/www.duendesmodainfantil.com\/wp-content\/uploads\/2026\/02\/duendesmodainfantil_edificio_2.png\" title=\"duendesmodainfantil_edificio_2\" width=\"585\" height=\"1037\" srcset=\"https:\/\/www.duendesmodainfantil.com\/wp-content\/uploads\/2026\/02\/duendesmodainfantil_edificio_2.png 585w, https:\/\/www.duendesmodainfantil.com\/wp-content\/uploads\/2026\/02\/duendesmodainfantil_edificio_2-480x851.png 480w\" sizes=\"(min-width: 0px) and (max-width: 480px) 480px, (min-width: 481px) 585px, 100vw\" class=\"wp-image-118\" alt=\"\"><\/span><\/div>\n<\/div>\n\n<div class=\"et_pb_column_1 et_pb_column et-last-child et_flex_column et_pb_css_mix_blend_mode_passthrough et_flex_column_18_24 et_flex_column_18_24_tablet et_flex_column_24_24_phone et_flex_column_24_24_phoneWide et_flex_column_18_24_tabletWide\">\n<div class=\"et_pb_text_0 et_pb_text et_pb_bg_layout_light et_pb_module et_flex_module preset--module--divi-text--default\"><div class=\"et_pb_text_inner\"><h1>Legal Notice<\/h1>\n<\/div><\/div>\n<\/div>\n<\/div>\n<div class=\"et_pb_bottom_inside_divider et-no-transition\"><\/div><\/div>\n\n<div class=\"et_pb_section_1 et_pb_section et_section_regular et_block_section bottom-divider-shadow\">\n<div class=\"et_pb_row_1 et_pb_row et_block_row et_animated\">\n<div class=\"et_pb_column_2 et_pb_column et_pb_column_4_4 et-last-child et_block_column et_pb_css_mix_blend_mode_passthrough\">\n<div class=\"et_pb_text_1 et_pb_text et_pb_bg_layout_light et_pb_module et_block_module preset--module--divi-text--default\"><div class=\"et_pb_text_inner\"><h2>1. Datos identificativos<\/h2>\n<p>En cumplimiento con el deber de informaci\u00f3n recogido en la Ley 34\/2002 de Servicios de la Sociedad de la Informaci\u00f3n y de Comercio Electr\u00f3nico (LSSI-CE), se informa que el presente sitio web pertenece a:<\/p>\n<p>Titular:<span> <strong>Carrasblanc, S.L.<\/strong><\/span><br \/>CIF:<span> <strong>B86426137<\/strong><\/span><br \/>Domicilio social:<span> Calle Soria, 6 28921 Alcorc\u00f3n - Madrid (Espa\u00f1a)<\/span><br \/>Correo electr\u00f3nico:<span> <strong><a href=\"mailto:hola@macabeo.bio\">hola@<\/a><a href=\"mailto:hola@macabeo.bio\">duendesmodainfantil.com<\/a><\/strong><\/span><br \/>Sitio web:<span> <a href=\"https:\/\/macabeo.bio\/\" target=\"_blank\" rel=\"noopener\">https:\/\/www.<strong><\/strong><\/a><strong><a href=\"https:\/\/www.duendesmodainfantil.com\/en\/\">duendesmodainfantil.com<\/a><\/strong><\/span><\/p>\n<p>El presente sitio web tiene como finalidad ofrecer informaci\u00f3n sobre las actividades, productos ecol\u00f3gicos, proyectos y servicios relacionados con Economato Macabeo.<\/p>\n<hr \/>\n<h2>2. Condiciones de uso<\/h2>\n<p>El acceso y uso de este sitio web atribuye la condici\u00f3n de usuario e implica la aceptaci\u00f3n plena de las condiciones aqu\u00ed recogidas.<\/p>\n<p>El usuario se compromete a hacer un uso adecuado del sitio web y a no emplearlo para:<\/p>\n<ul>\n<li>\n<p>Realizar actividades il\u00edcitas o contrarias a la buena fe y al orden p\u00fablico.<\/p>\n<\/li>\n<li>\n<p>Difundir contenidos de car\u00e1cter ilegal, racista, xen\u00f3fobo, pornogr\u00e1fico o que atenten contra los derechos humanos.<\/p>\n<\/li>\n<li>\n<p>Provocar da\u00f1os en los sistemas f\u00edsicos o l\u00f3gicos del sitio web o de terceros.<\/p>\n<\/li>\n<\/ul>\n<p>El titular se reserva el derecho a retirar comentarios o contenidos que vulneren la legislaci\u00f3n vigente o que no resulten adecuados para su publicaci\u00f3n.<\/p>\n<hr \/>\n<h2>3. Propiedad intelectual e industrial<\/h2>\n<p>Todos los contenidos del sitio web, incluyendo textos, fotograf\u00edas, gr\u00e1ficos, im\u00e1genes, iconos, tecnolog\u00eda, software, dise\u00f1o y c\u00f3digos fuente, son propiedad del titular o de terceros que han autorizado su uso.<\/p>\n<p>Queda prohibida la reproducci\u00f3n, distribuci\u00f3n, comunicaci\u00f3n p\u00fablica o transformaci\u00f3n de dichos contenidos sin autorizaci\u00f3n expresa del titular.<\/p>\n<p><em data-start=\"965\" data-end=\"1074\">Algunas im\u00e1genes pueden haber sido mejoradas digitalmente mediante herramientas de inteligencia artificial.<\/em><\/p>\n<hr \/>\n<h2>4. Responsabilidad<\/h2>\n<p>El titular no se responsabiliza de los da\u00f1os o perjuicios que pudieran derivarse del uso de la informaci\u00f3n contenida en este sitio web.<\/p>\n<p>Tampoco se responsabiliza del contenido de los enlaces externos a los que se pueda acceder desde el sitio web.<\/p>\n<hr \/>\n<h2>5. Modificaciones<\/h2>\n<p>El titular se reserva el derecho a modificar en cualquier momento los contenidos del sitio web y las presentes condiciones sin necesidad de previo aviso.<\/p>\n<hr \/>\n<h2>6. Legislaci\u00f3n aplicable<\/h2>\n<p>Las presentes condiciones se regir\u00e1n por la legislaci\u00f3n espa\u00f1ola.<\/p>\n<p>Para la resoluci\u00f3n de cualquier conflicto que pudiera surgir del acceso al sitio web, el usuario y el titular acuerdan someterse a los juzgados y tribunales competentes conforme a la legislaci\u00f3n vigente.<\/p>\n<\/div><\/div>\n<\/div>\n<\/div>\n<\/div>\n\n<div class=\"et_pb_section_2 et_pb_section et_section_regular et_flex_section section_has_divider et_pb_top_divider et_pb_bottom_divider top-divider-shadow-flip bottom-divider-shadow\"><div class=\"et_pb_top_inside_divider et-no-transition\"><\/div>\n<div class=\"et_pb_row_2 et_pb_row et_flex_row\">\n<div class=\"et_pb_column_3 et_pb_column et-last-child et_flex_column et_pb_css_mix_blend_mode_passthrough et_flex_column_24_24 et_flex_column_24_24_tablet et_flex_column_24_24_phone et_flex_column_24_24_phoneWide et_flex_column_24_24_tabletWide\">\n<div class=\"et_pb_cta_0 et_pb_promo et_pb_bg_layout_dark et_pb_module et_flex_module\"><div class=\"et_pb_promo_description\"><h2 class=\"et_pb_module_header\">Fashion and care for every stage<\/h2><div class=\"et_pb_promo_content\"><p>We are waiting for you with a careful selection of children's fashion, footwear and childcare articles for the day to day life of the little ones. Come and meet us and enjoy a close shopping experience in our store.<\/p>\n<\/div><\/div><div class=\"et_pb_button_wrapper\"><a class=\"et_pb_button et_pb_promo_button\" href=\"#\">Come and meet us<\/a><\/div><\/div>\n<\/div>\n<\/div>\n<div class=\"et_pb_bottom_inside_divider et-no-transition\"><\/div><\/div>","protected":false},"excerpt":{"rendered":"","protected":false},"author":1,"featured_media":0,"parent":0,"menu_order":0,"comment_status":"closed","ping_status":"closed","template":"","meta":{"footnotes":""},"class_list":["post-453","page","type-page","status-publish","hentry"],"_links":{"self":[{"href":"https:\/\/www.duendesmodainfantil.com\/en\/wp-json\/wp\/v2\/pages\/453","targetHints":{"allow":["GET"]}}],"collection":[{"href":"https:\/\/www.duendesmodainfantil.com\/en\/wp-json\/wp\/v2\/pages"}],"about":[{"href":"https:\/\/www.duendesmodainfantil.com\/en\/wp-json\/wp\/v2\/types\/page"}],"author":[{"embeddable":true,"href":"https:\/\/www.duendesmodainfantil.com\/en\/wp-json\/wp\/v2\/users\/1"}],"replies":[{"embeddable":true,"href":"https:\/\/www.duendesmodainfantil.com\/en\/wp-json\/wp\/v2\/comments?post=453"}],"version-history":[{"count":7,"href":"https:\/\/www.duendesmodainfantil.com\/en\/wp-json\/wp\/v2\/pages\/453\/revisions"}],"predecessor-version":[{"id":632,"href":"https:\/\/www.duendesmodainfantil.com\/en\/wp-json\/wp\/v2\/pages\/453\/revisions\/632"}],"wp:attachment":[{"href":"https:\/\/www.duendesmodainfantil.com\/en\/wp-json\/wp\/v2\/media?parent=453"}],"curies":[{"name":"wp","href":"https:\/\/api.w.org\/{rel}","templated":true}]}}