{"id":3,"date":"2023-01-25T12:32:10","date_gmt":"2023-01-25T12:32:10","guid":{"rendered":"https:\/\/www.duendesmodainfantil.com\/?page_id=3"},"modified":"2026-03-19T22:25:38","modified_gmt":"2026-03-19T21:25:38","slug":"privacy-policy","status":"publish","type":"page","link":"https:\/\/www.duendesmodainfantil.com\/en\/privacy-policy\/","title":{"rendered":"Privacy Policy"},"content":{"rendered":"<div class=\"et_pb_section_0 et_pb_section et_section_regular et_flex_section section_has_divider et_pb_top_divider et_pb_bottom_divider top-divider-shadow bottom-divider-shadow\"><div class=\"et_pb_top_inside_divider et-no-transition\"><\/div>\n<div class=\"et_pb_row_0 et_pb_row et_flex_row et_animated\">\n<div class=\"et_pb_column_0 et_pb_column et_flex_column et_pb_css_mix_blend_mode_passthrough et_flex_column_1_7 et_flex_column_6_24_tablet et_flex_column_24_24_phone et_flex_column_24_24_phoneWide et_flex_column_6_24_tabletWide\">\n<div class=\"et_pb_image_0 et_pb_image et_pb_module et_flex_module\"><span class=\"et_pb_image_wrap\"><img loading=\"lazy\" decoding=\"async\" src=\"https:\/\/www.duendesmodainfantil.com\/wp-content\/uploads\/2026\/02\/duendesmodainfantil_edificio_2.png\" title=\"duendesmodainfantil_edificio_2\" width=\"585\" height=\"1037\" srcset=\"https:\/\/www.duendesmodainfantil.com\/wp-content\/uploads\/2026\/02\/duendesmodainfantil_edificio_2.png 585w, https:\/\/www.duendesmodainfantil.com\/wp-content\/uploads\/2026\/02\/duendesmodainfantil_edificio_2-480x851.png 480w\" sizes=\"(min-width: 0px) and (max-width: 480px) 480px, (min-width: 481px) 585px, 100vw\" class=\"wp-image-118\" alt=\"\"><\/span><\/div>\n<\/div>\n\n<div class=\"et_pb_column_1 et_pb_column et-last-child et_flex_column et_pb_css_mix_blend_mode_passthrough et_flex_column_18_24 et_flex_column_18_24_tablet et_flex_column_24_24_phone et_flex_column_24_24_phoneWide et_flex_column_18_24_tabletWide\">\n<div class=\"et_pb_text_0 et_pb_text et_pb_bg_layout_light et_pb_module et_flex_module preset--module--divi-text--default\"><div class=\"et_pb_text_inner\"><h1>Privacy Policy<\/h1>\n<h2>Esta aplicaci\u00f3n recoge algunos datos personales de sus usuarios<\/h2>\n<\/div><\/div>\n<\/div>\n<\/div>\n<div class=\"et_pb_bottom_inside_divider et-no-transition\"><\/div><\/div>\n\n<div class=\"et_pb_section_1 et_pb_section et_section_regular et_block_section bottom-divider-shadow\">\n<div class=\"et_pb_row_1 et_pb_row et_block_row et_animated\">\n<div class=\"et_pb_column_2 et_pb_column et_pb_column_4_4 et-last-child et_block_column et_pb_css_mix_blend_mode_passthrough\">\n<div class=\"et_pb_text_1 et_pb_text et_pb_bg_layout_light et_pb_module et_block_module preset--module--divi-text--default\"><div class=\"et_pb_text_inner\"><h1><\/h1>\n<h2>1. Responsable del tratamiento<\/h2>\n<p>Responsable: <strong>Carrasblanc, S.L.<\/strong><br \/>CIF: <strong>B86426137<\/strong><br \/>Domicilio: Calle Soria, 6 28921 Alcorc\u00f3n - Madrid (Espa\u00f1a)<br \/>Correo electr\u00f3nico: <strong><a href=\"mailto:hola@macabeo.bio\">hola@<\/a><a href=\"mailto:hola@macabeo.bio\">duendesmodainfantil.com<\/a><\/strong><br \/>Sitio web: <a href=\"https:\/\/macabeo.bio\/\" target=\"_blank\" rel=\"noopener\">https:\/\/www.<strong><\/strong><\/a><strong><a href=\"https:\/\/www.duendesmodainfantil.com\/en\/\">duendesmodainfantil.com<\/a><\/strong><\/p>\n<p>\u00a0<\/p>\n<hr \/>\n<h2>2. Datos personales que recopilamos<\/h2>\n<p>A trav\u00e9s de este sitio web pueden recopilarse los siguientes datos personales:<\/p>\n<ul>\n<li>Name<\/li>\n<li>Direcci\u00f3n de correo electr\u00f3nico<\/li>\n<li>Telephone<\/li>\n<li>Informaci\u00f3n enviada a trav\u00e9s de formularios de contacto<\/li>\n<li>Datos de navegaci\u00f3n obtenidos mediante cookies<\/li>\n<\/ul>\n<hr \/>\n<h2>3. Finalidad del tratamiento<\/h2>\n<p>Los datos personales se utilizan para:<\/p>\n<ul>\n<li>Atender consultas realizadas a trav\u00e9s del formulario de contacto<\/li>\n<li>Gestionar comunicaciones con los usuarios<\/li>\n<li>Mejorar el funcionamiento y contenido del sitio web<\/li>\n<li>Cumplir con las obligaciones legales aplicables<\/li>\n<\/ul>\n<hr \/>\n<h2>4. Base legal para el tratamiento<\/h2>\n<p>El tratamiento de los datos personales se basa en:<\/p>\n<ul>\n<li>El consentimiento del usuario al enviar un formulario<\/li>\n<li>El inter\u00e9s leg\u00edtimo del responsable para mejorar sus servicios<\/li>\n<li>El cumplimiento de obligaciones legales<\/li>\n<\/ul>\n<hr \/>\n<h2>5. Conservaci\u00f3n de los datos<\/h2>\n<p>Los datos personales se conservar\u00e1n \u00fanicamente durante el tiempo necesario para cumplir con la finalidad para la que fueron recogidos o mientras exista una obligaci\u00f3n legal que lo requiera.<\/p>\n<hr \/>\n<h2>6. Destinatarios de los datos<\/h2>\n<p>Los datos no se ceder\u00e1n a terceros salvo obligaci\u00f3n legal.<\/p>\n<p>No obstante, algunos proveedores tecnol\u00f3gicos utilizados para el funcionamiento del sitio web (como servicios de alojamiento o herramientas de an\u00e1lisis) pueden tener acceso a datos como encargados del tratamiento.<\/p>\n<hr \/>\n<h2>7. Transferencias internacionales<\/h2>\n<p>En algunos casos, los servicios utilizados en el sitio web pueden implicar transferencias internacionales de datos fuera del Espacio Econ\u00f3mico Europeo. Dichas transferencias se realizan con las garant\u00edas adecuadas conforme a la normativa de protecci\u00f3n de datos.<\/p>\n<hr \/>\n<h2>8. Derechos de los usuarios<\/h2>\n<p>Los usuarios pueden ejercer los siguientes derechos:<\/p>\n<ul>\n<li>Derecho de acceso<\/li>\n<li>Derecho de rectificaci\u00f3n<\/li>\n<li>Derecho de supresi\u00f3n<\/li>\n<li>Derecho de limitaci\u00f3n del tratamiento<\/li>\n<li>Derecho de oposici\u00f3n<\/li>\n<li>Derecho a la portabilidad de los datos<\/li>\n<\/ul>\n<p>Para ejercer estos derechos puede enviar una solicitud a:<\/p>\n<p><strong><a href=\"mailto:hola@macabeo.bio\">hola@<\/a><a href=\"mailto:hola@duendesmodainfantil.com\">duendesmodainfantil.com<\/a><\/strong><\/p>\n<p>Tambi\u00e9n puede presentar una reclamaci\u00f3n ante la Agencia Espa\u00f1ola de Protecci\u00f3n de Datos si considera que sus derechos han sido vulnerados.<\/p>\n<hr \/>\n<h2>9. Seguridad de los datos<\/h2>\n<p>El responsable aplica las medidas t\u00e9cnicas y organizativas necesarias para garantizar la seguridad de los datos personales y evitar su p\u00e9rdida, alteraci\u00f3n o acceso no autorizado.<\/p>\n<hr \/>\n<h2>10. Cambios en la pol\u00edtica de privacidad<\/h2>\n<p>El responsable se reserva el derecho a modificar la presente pol\u00edtica de privacidad para adaptarla a novedades legislativas o cambios en el funcionamiento del sitio web.<\/p>\n<\/div><\/div>\n\n<div class=\"et_pb_text_2 et_pb_text et_pb_bg_layout_light et_pb_module et_block_module preset--module--divi-text--default\"><div class=\"et_pb_text_inner\"><h2><strong>Informaci\u00f3n detallada del tratamiento de los Datos Personales<\/strong><\/h2>\n<p>Se recogen Datos Personales para las siguientes finalidades y utilizando los siguientes servicios:<\/p>\n<\/div><\/div>\n\n<div class=\"et_pb_accordion_0 et_pb_accordion et_pb_module et_block_module\">\n<div class=\"et_pb_accordion_item_0 et_pb_accordion_item et_pb_toggle et_pb_module et_pb_toggle_open et_block_module\"><h5 class=\"et_pb_toggle_title\">Estadisticas<\/h5><div class=\"et_pb_toggle_content\"><p>Los servicios contenidos en esta secci\u00f3n permiten al Titular monitorizar y analizar el tr\u00e1fico web y pueden ser utilizados para rastrear el comportamiento del Usuario.<\/p>\n<h4>Google Analytics (Google Inc.)<\/h4>\n<p>Google Analytics es un servicio de an\u00e1lisis web prestado por Google Inc. (\u201cGoogle\u201d). Google utiliza los Datos recogidos para rastrear y examinar el uso de esta Aplicaci\u00f3n, para preparar informes de sus actividades y compartirlos con otros servicios de Google.<br \/>\nGoogle puede utilizar los Datos recogidos para contextualizar y personalizar los anuncios de su propia red de publicidad.<\/p>\n<p>Datos Personales recogidos: Cookie y Datos de Uso.<\/p>\n<p>Lugar de tratamiento: EE.UU. \u2013\u00a0<a href=\"https:\/\/www.google.com\/intl\/es\/policies\/privacy\/\" target=\"_blank\" rel=\"noopener\">Pol\u00edtica de privacidad<\/a>\u00a0\u2013<a href=\"https:\/\/tools.google.com\/dlpage\/gaoptout?hl=es\" target=\"_blank\" rel=\"noopener\">Opt Out<\/a><\/p>\n<\/div><\/div>\n\n<div class=\"et_pb_accordion_item_1 et_pb_accordion_item et_pb_toggle et_pb_module et_pb_toggle_close et_block_module\"><h5 class=\"et_pb_toggle_title\">Visualizar contenidos de plataformas externas<\/h5><div class=\"et_pb_toggle_content\"><p>Este tipo de servicios permiten visualizar contenidos alojados en plataformas externas directamente desde las p\u00e1ginas de esta Aplicaci\u00f3n e interactuar con estos.<br \/>\nEn caso de que se instale uno de estos servicios, es posible que aunque los Usuarios no utilicen el servicio, \u00e9ste recoja datos de tr\u00e1fico web relativos a las p\u00e1ginas en las que est\u00e9n instalados.<\/p>\n<h4>Google Fonts (Google Inc.)<\/h4>\n<p>Google Fonts es un servicio de visualizaci\u00f3n de familias tipogr\u00e1ficas prestado por Google Inc. que permite a esta Aplicaci\u00f3n incorporar tales contenidos en sus p\u00e1ginas.<\/p>\n<p>Datos Personales recogidos: Datos de Uso y distintas clases de Datos, seg\u00fan se especifica en la Pol\u00edtica de Privacidad del servicio.<\/p>\n<p>Lugar de tratamiento: EE.UU. \u2013\u00a0<a href=\"https:\/\/www.google.it\/intl\/policies\/privacy\/\" target=\"_blank\" rel=\"noopener\">Pol\u00edtica de privacidad<\/a><\/p>\n<h4>Widget Google Maps (Google Inc.)<\/h4>\n<p>Google Maps es un servicio de visualizaci\u00f3n de mapas prestado por Google Inc. que permite a esta Aplicaci\u00f3n incorporar tales contenidos en las propias p\u00e1ginas.<\/p>\n<p>Datos Personales recogidos: Cookie y Datos de Uso.<\/p>\n<p>Lugar de tratamiento: EE.UU. \u2013\u00a0<a href=\"https:\/\/www.google.it\/intl\/es\/policies\/privacy\/\" target=\"_blank\" rel=\"noopener\">Pol\u00edtica de privacidad<\/a><\/p>\n<\/div><\/div>\n\n<div class=\"et_pb_accordion_item_2 et_pb_accordion_item et_pb_toggle et_pb_module et_pb_toggle_close et_block_module\"><h5 class=\"et_pb_toggle_title\">Servicios y alojamiento en plataformas<\/h5><div class=\"et_pb_toggle_content\"><p>Estos servicios tienen como prop\u00f3sito albergar y ejecutar los componentes clave de esta Aplicaci\u00f3n, por lo tanto, permiten la provisi\u00f3n de esta Aplicaci\u00f3n desde dentro de una plataforma unificada. Estas plataformas proporcionan al Titular una amplia gama de herramientas (p. ej.: anal\u00edtica web, registro de usuarios, comentarios, gesti\u00f3n de bases de datos, comercio electr\u00f3nico, procesamiento de pagos) que implican la recogida y el tratamiento de Datos Personales. Algunos de estos servicios funcionan a trav\u00e9s de servidores distribuidos geogr\u00e1ficamente, por lo que es dif\u00edcil determinar la ubicaci\u00f3n real en la que se almacenan los Datos Personales.<\/p>\n<h4>WordPress.com (Automattic Inc.)<\/h4>\n<p>WordPress.com es una plataforma ofrecida por Automattic Inc. que permite al Titular dise\u00f1ar, ejecutar y albergar esta Aplicaci\u00f3n.<\/p>\n<p>Datos Personales recogidos: distintas clases de Datos, seg\u00fan se especifica en la Pol\u00edtica de Privacidad del servicio.<\/p>\n<p>Lugar de tratamiento: EE.UU. \u2013\u00a0<a href=\"https:\/\/automattic.com\/privacy\/\" target=\"_blank\" rel=\"noopener\">Pol\u00edtica de privacidad<\/a><\/p>\n<\/div><\/div>\n<\/div>\n\n<div class=\"et_pb_text_3 et_pb_text et_pb_bg_layout_light et_pb_module et_block_module preset--module--divi-text--default\"><div class=\"et_pb_text_inner\"><h2><strong>Informaci\u00f3n adicional sobre la recogida de Datos y su tratamiento<\/strong><\/h2>\n<h3>Defensa jur\u00eddica<\/h3>\n<p>Los Datos Personales del Usuario podr\u00e1n ser utilizados para la defensa jur\u00eddica del Titular en juicio o en las fases prejudiciales previas a un posible pleito derivado del uso abusivo por parte del Usuario de esta Aplicaci\u00f3n o de los servicios relacionados.<br \/>\nEl Usuario es consciente de que el Titular puede ser requerido por autoridades p\u00fablicas a fin de revelar Datos Personales.<\/p>\n<h3>Informaci\u00f3n adicional acerca de los Datos Personales del Usuario<\/h3>\n<p>Adem\u00e1s de las informaciones contenidas en esta pol\u00edtica de privacidad, esta Aplicaci\u00f3n podr\u00e1 proporcionar al Usuario informaci\u00f3n contextual relativa a servicios espec\u00edficos o a la recogida y tratamiento de los Datos Personales.<\/p>\n<h3>Log del sistema y mantenimiento<\/h3>\n<p>Por motivos relativos al funcionamiento y el mantenimiento, esta Aplicaci\u00f3n y cualesquiera otros servicios de terceros que se utilicen podr\u00e1n recoger un Log del sistema, esto es, archivos que registren las interacciones y que pueden contener Datos Personales, tales como la direcci\u00f3n IP del Usuario.<\/p>\n<h3>Informaci\u00f3n no contenida en esta pol\u00edtica de privacidad<\/h3>\n<p>Se podr\u00e1 solicitar en cualquier momento informaci\u00f3n adicional sobre la recogida y el tratamiento de los Datos Personales al Responsable de Tratamiento. Encontrar\u00e1 la informaci\u00f3n de contacto al inicio del presente documento.<\/p>\n<h3>Ejercicio de los derechos por los Titulares de los Datos<\/h3>\n<p>Los titulares a los que se refieren los Datos Personales tienen derecho a obtener en cualquier momento la confirmaci\u00f3n de que estos han sido almacenados por el Responsable de Tratamiento, a conocer su contenido y origen, a verificar su exactitud o solicitar que sean completados, cancelados, actualizados o rectificados, a que sean anonimizados o a que se bloqueen aquellos Datos Personales que est\u00e1n siendo tratados en contravenci\u00f3n de las leyes, as\u00ed como a oponerse a su tratamiento por cualquier motivo leg\u00edtimo. Las solicitudes deber\u00e1n remitirse al Responsable de Tratamiento utilizando los datos de contacto indicados anteriormente.<\/p>\n<p>Esta Aplicaci\u00f3n no permite solicitudes \u201cDo Not Track\u201d.<br \/>\nPara determinar si cualquiera de los servicios de terceros que utiliza acepta solicitudes \u201cDo Not Track\u201d, por favor lea sus pol\u00edticas de privacidad.<\/p>\n<h3>Modificaci\u00f3n de esta pol\u00edtica de privacidad<\/h3>\n<p>El Responsable de Tratamiento se reserva el derecho de modificar esta pol\u00edtica de privacidad en cualquier momento notific\u00e1ndolo a los Usuarios a trav\u00e9s de esta p\u00e1gina. Se recomienda encarecidamente que revisen esta p\u00e1gina con frecuencia, tomando como referencia la fecha de la \u00faltima modificaci\u00f3n indicada al final. En el caso de que un Usuario est\u00e9 en desacuerdo con alguna de las modificaciones realizadas a esta Pol\u00edtica, el Usuario deber\u00e1 cesar en el uso de esta Aplicaci\u00f3n y podr\u00e1 solicitar al Responsable de Tratamiento que elimine sus Datos Personales. Salvo que se indique lo contrario, la pol\u00edtica de privacidad vigente en cada momento ser\u00e1 de aplicaci\u00f3n a todos los Datos Personales que el Responsable de Tratamiento haya recogido hasta entonces.<\/p>\n<h3>Informaci\u00f3n acerca de esta pol\u00edtica de privacidad<\/h3>\n<p>El Responsable de Tratamiento es responsable de esta pol\u00edtica de privacidad, que ha sido redactada a partir de los m\u00f3dulos proporcionados por Iubenda y almacenados en los servidores de Iubenda.<\/p>\n<\/div><\/div>\n\n<div class=\"et_pb_accordion_1 et_pb_accordion et_pb_module et_block_module\">\n<div class=\"et_pb_accordion_item_3 et_pb_accordion_item et_pb_toggle et_pb_module et_pb_toggle_open et_block_module\"><h5 class=\"et_pb_toggle_title\">Definiciones y referencias legales<\/h5><div class=\"et_pb_toggle_content\"><h4>Datos Personales (o Datos)<\/h4>\n<p>Constituye un dato personal cualquier informaci\u00f3n relativa a una persona f\u00edsica, identificada o identificable, aunque sea indirectamente, mediante referencia a cualquier otra informaci\u00f3n, inclusive a un n\u00famero de identificaci\u00f3n personal.<\/p>\n<h4>Datos de Uso<\/h4>\n<p>Las informaciones recogidas de forma autom\u00e1tica por esta Aplicaci\u00f3n (o por servicios de terceros utilizados por esta Aplicaci\u00f3n), que podr\u00e1n incluir: las direcciones IP o nombres de dominio de los ordenadores utilizados por el Usuario que se conecte a esta Aplicaci\u00f3n, las direcciones URI (Uniform Resource Identifier), la hora de la solicitud, el m\u00e9todo utilizado para realizar la solicitud al servidor, las dimensiones del archivo obtenido en respuesta, el c\u00f3digo num\u00e9rico indicando el estado de la respuesta del servidor (resultado satisfactorio, error, etc\u2026), el pa\u00eds de origen, las caracter\u00edsticas del navegador y del sistema operativo utilizados por el visitante, las diversas coordenadas temporales de la visita (por ejemplo, el tiempo de permanencia en cada una de las p\u00e1ginas) y los detalles relativos al itinerario seguido dentro de la Aplicaci\u00f3n, con especial referencia a la secuencia de p\u00e1ginas consultadas, a los par\u00e1metros relativos al sistema operativo y al entorno inform\u00e1tico del Usuario.<\/p>\n<h4>Usuario<\/h4>\n<p>El individuo que utiliza esta Aplicaci\u00f3n, que debe coincidir con el Titular de los Datos o bien haber sido autorizado por \u00e9ste y cuyos Datos Personales son objeto de tratamiento.<\/p>\n<h4>Titular de los Datos<\/h4>\n<p>La persona f\u00edsica o jur\u00eddica a la que se refieren los Datos Personales.<\/p>\n<h4>Encargado del Tratamiento<\/h4>\n<p>La persona f\u00edsica, jur\u00eddica, administraci\u00f3n p\u00fablica o cualquier otra instituci\u00f3n, asociaci\u00f3n u organizaci\u00f3n autorizada por el Responsable de Tratamiento a tratar los Datos Personales de conformidad con esta pol\u00edtica de privacidad.<\/p>\n<h4>Responsable de Tratamiento (o Titular)<\/h4>\n<p>La persona f\u00edsica, jur\u00eddica, administraci\u00f3n p\u00fablica o cualquier otra instituci\u00f3n, asociaci\u00f3n u organizaci\u00f3n con la facultad, incluso solidariamente con otro Responsable de Tratamiento, de tomar decisiones relativas a la finalidad, los m\u00e9todos de tratamiento de los Datos Personales y los medios utilizados, incluyendo las medidas de seguridad relativas al funcionamiento y el uso de esta Aplicaci\u00f3n. A menos que se especifique lo contrario, el Responsable de Tratamiento es el Titular de esta Aplicaci\u00f3n.<\/p>\n<h4>Esta Aplicaci\u00f3n<\/h4>\n<p>La herramienta de hardware o software mediante la cual se han recogidos los Datos Personales del Usuario.<\/p>\n<h4>Cookie<\/h4>\n<p>Peque\u00f1a unidad de datos almacenada en el dispositivo del Usuario.<\/p>\n<hr \/>\n<h4>Informaci\u00f3n legal<\/h4>\n<p>Aviso a los Usuarios europeos: la presente declaraci\u00f3n de privacidad ha sido redactada en cumplimiento de las obligaciones previstas en el Art. 10 de la Directiva 95\/46\/CE, y de acuerdo con las disposiciones de la Directiva 2002\/58\/CE, modificada por la Directiva 2009\/136\/CE, en materia de Cookies.<\/p>\n<p>Esta pol\u00edtica de privacidad se refiere \u00fanicamente a esta Aplicaci\u00f3n.<\/p>\n<\/div><\/div>\n<\/div>\n<\/div>\n<\/div>\n<\/div>\n\n<div class=\"et_pb_section_2 et_pb_section et_section_regular et_flex_section section_has_divider et_pb_top_divider et_pb_bottom_divider top-divider-shadow-flip bottom-divider-shadow\"><div class=\"et_pb_top_inside_divider et-no-transition\"><\/div>\n<div class=\"et_pb_row_2 et_pb_row et_flex_row\">\n<div class=\"et_pb_column_3 et_pb_column et-last-child et_flex_column et_pb_css_mix_blend_mode_passthrough et_flex_column_24_24 et_flex_column_24_24_tablet et_flex_column_24_24_phone et_flex_column_24_24_phoneWide et_flex_column_24_24_tabletWide\">\n<div class=\"et_pb_cta_0 et_pb_promo et_pb_bg_layout_dark et_pb_module et_flex_module\"><div class=\"et_pb_promo_description\"><h2 class=\"et_pb_module_header\">Fashion and care for every stage<\/h2><div class=\"et_pb_promo_content\"><p>We are waiting for you with a careful selection of children's fashion, footwear and childcare articles for the day to day life of the little ones. Come and meet us and enjoy a close shopping experience in our store.<\/p>\n<\/div><\/div><div class=\"et_pb_button_wrapper\"><a class=\"et_pb_button et_pb_promo_button\" href=\"#\">Come and meet us<\/a><\/div><\/div>\n<\/div>\n<\/div>\n<div class=\"et_pb_bottom_inside_divider et-no-transition\"><\/div><\/div>","protected":false},"excerpt":{"rendered":"","protected":false},"author":1,"featured_media":0,"parent":0,"menu_order":0,"comment_status":"closed","ping_status":"closed","template":"","meta":{"footnotes":""},"class_list":["post-3","page","type-page","status-publish","hentry"],"_links":{"self":[{"href":"https:\/\/www.duendesmodainfantil.com\/en\/wp-json\/wp\/v2\/pages\/3","targetHints":{"allow":["GET"]}}],"collection":[{"href":"https:\/\/www.duendesmodainfantil.com\/en\/wp-json\/wp\/v2\/pages"}],"about":[{"href":"https:\/\/www.duendesmodainfantil.com\/en\/wp-json\/wp\/v2\/types\/page"}],"author":[{"embeddable":true,"href":"https:\/\/www.duendesmodainfantil.com\/en\/wp-json\/wp\/v2\/users\/1"}],"replies":[{"embeddable":true,"href":"https:\/\/www.duendesmodainfantil.com\/en\/wp-json\/wp\/v2\/comments?post=3"}],"version-history":[{"count":6,"href":"https:\/\/www.duendesmodainfantil.com\/en\/wp-json\/wp\/v2\/pages\/3\/revisions"}],"predecessor-version":[{"id":573,"href":"https:\/\/www.duendesmodainfantil.com\/en\/wp-json\/wp\/v2\/pages\/3\/revisions\/573"}],"wp:attachment":[{"href":"https:\/\/www.duendesmodainfantil.com\/en\/wp-json\/wp\/v2\/media?parent=3"}],"curies":[{"name":"wp","href":"https:\/\/api.w.org\/{rel}","templated":true}]}}